{"id":1793,"date":"2021-12-15T10:19:34","date_gmt":"2021-12-15T10:19:34","guid":{"rendered":"https:\/\/trailse.com\/?page_id=1793"},"modified":"2022-09-25T18:48:10","modified_gmt":"2022-09-25T18:48:10","slug":"faqs","status":"publish","type":"page","link":"https:\/\/trailse.com\/es\/faqs\/","title":{"rendered":"FAQs"},"content":{"rendered":"<p>[et_pb_section fb_built=&#8221;1&#8243; _builder_version=&#8221;4.18.0&#8243; _module_preset=&#8221;default&#8221; background_image=&#8221;https:\/\/trailse.com\/wp-content\/uploads\/2022\/09\/Trail_Sant_Esteve_2022-05-29-10.29.07_\u00a9_Jordi_Santacana_Fotografia.jpg&#8221; hover_enabled=&#8221;0&#8243; global_colors_info=&#8221;{}&#8221; alt=&#8221;Trail Sant Esteve Montseny&#8221; title_text=&#8221;Trail Sant Esteve Montseny&#8221; sticky_enabled=&#8221;0&#8243;][et_pb_row _builder_version=&#8221;4.16&#8243; _module_preset=&#8221;default&#8221; global_colors_info=&#8221;{}&#8221;][et_pb_column type=&#8221;4_4&#8243; _builder_version=&#8221;4.16&#8243; _module_preset=&#8221;default&#8221; global_colors_info=&#8221;{}&#8221;][et_pb_text _builder_version=&#8221;4.18.0&#8243; _module_preset=&#8221;default&#8221; hover_enabled=&#8221;0&#8243; global_colors_info=&#8221;{}&#8221; sticky_enabled=&#8221;0&#8243;]<\/p>\n<h1 style=\"text-align: center;\"><span style=\"color: #ffffff;\"><strong><span style=\"color: #ffcc99;\">FAQs<\/span><\/strong><\/span><\/h1>\n<p>[\/et_pb_text][et_pb_tabs _builder_version=&#8221;4.18.0&#8243; _module_preset=&#8221;default&#8221; custom_padding=&#8221;35px||0px|13px||&#8221; hover_enabled=&#8221;0&#8243; global_colors_info=&#8221;{}&#8221; sticky_enabled=&#8221;0&#8243;][et_pb_tab title=&#8221;Qui pot participar \/ Quien puede participar&#8221; _builder_version=&#8221;4.18.0&#8243; _module_preset=&#8221;default&#8221; hover_enabled=&#8221;0&#8243; global_colors_info=&#8221;{}&#8221; sticky_enabled=&#8221;0&#8243;]<\/p>\n<p><span style=\"color: #ffcc99;\"><strong>CAT<\/strong><\/span><\/p>\n<p><span style=\"color: #000000;\">&#8211; Al TSE hi pot participar tot i tota esportista que estigui capacitat\/da de fer front al seu recorregut, federat\/da o no.<\/span><\/p>\n<p><span style=\"color: #ffcc99;\"><strong>CAS<\/strong><\/span><\/p>\n<p><span style=\"color: #000000;\">&#8211; En el TSE puede participar todx deportista que est\u00e9 capacitadx para hacer frente a su recorrido, federadx o no.<\/span><\/p>\n<p>[\/et_pb_tab][et_pb_tab title=&#8221;Assist\u00e8ncia t\u00e8cnica \/ Asistencia t\u00e9cnica&#8221; _builder_version=&#8221;4.18.0&#8243; _module_preset=&#8221;default&#8221; hover_enabled=&#8221;0&#8243; global_colors_info=&#8221;{}&#8221; sticky_enabled=&#8221;0&#8243;]<\/p>\n<p><span style=\"color: #ffcc99;\"><strong>CAT<\/strong><\/span><\/p>\n<p><span style=\"color: #000000;\">&#8211; L&#8217;assist\u00e8ncia t\u00e8cnica est\u00e0 permesa exclusivament als avituallaments i, en un radi de 50 metres d&#8217;aquests.<\/span><\/p>\n<p><span style=\"color: #000000;\">&#8211; El reglament del TSE est\u00e0 supeditat al de la FEDME, cosa que en cas de contradicci\u00f3 ser\u00e0 el de la FEDME el que prevaldr\u00e0.<\/span><\/p>\n<p><span style=\"color: #ffcc99;\"><strong>CAS<\/strong><\/span><\/p>\n<p><span style=\"color: #000000;\">&#8211; La asistencia t\u00e9cnica est\u00e1 permitida exclusivamente en los avituallamientos y, en un radio de 50 metros de \u00e9stos.<\/span><\/p>\n<p><span style=\"color: #000000;\">&#8211; El reglamento del TSE est\u00e1 supeditado al de la FEDME, lo que en caso de contradicci\u00f3n ser\u00e1 el de la FEDME el que prevalecer\u00e1.<\/span><\/p>\n<p>[\/et_pb_tab][et_pb_tab title=&#8221;Bastons \/ Bastones&#8221; _builder_version=&#8221;4.18.0&#8243; _module_preset=&#8221;default&#8221; hover_enabled=&#8221;0&#8243; global_colors_info=&#8221;{}&#8221; sticky_enabled=&#8221;0&#8243;]<\/p>\n<p><span style=\"color: #ffcc99;\"><strong>CAT<\/strong><\/span><\/p>\n<p><span style=\"color: #000000;\">&#8211; El TSE permet l&#8217;\u00fas de bastons, per\u00f2 en cap cas l&#8217;organitzaci\u00f3 se&#8217;n far\u00e0 c\u00e0rrec.<\/span><br \/><span style=\"color: #000000;\">Els bastons nom\u00e9s es podran deixar o recollir als avituallaments oficials.<\/span><\/p>\n<p><span style=\"color: #000000;\">&#8211; El reglament del TSE est\u00e0 supeditat al de la FEDME, cosa que en cas de contradicci\u00f3 ser\u00e0 el de la FEDME el que prevaldr\u00e0.<\/span><\/p>\n<p><span style=\"color: #ffcc99;\"><strong>CAS<\/strong><\/span><\/p>\n<p><span style=\"color: #000000;\">El TSE permite el uso de bastones, pero en ning\u00fan caso la organizaci\u00f3n se har\u00e1 cargo de ellos.<\/span><br \/><span style=\"color: #000000;\">Los bastones s\u00f3lo podr\u00e1n dejarse o recogerse en los avituallamientos oficiales.<\/span><\/p>\n<p><span style=\"color: #000000;\">&#8211; El reglamento del TSE est\u00e1 supeditado al de la FEDME, lo que en caso de contradicci\u00f3n ser\u00e1 el de la FEDME el que prevalecer\u00e1.<\/span><\/p>\n<p><span style=\"color: #000000;\">\u00a0<\/span><\/p>\n<p>[\/et_pb_tab][et_pb_tab title=&#8221;Retirada del dorsal&#8221; _builder_version=&#8221;4.18.0&#8243; _module_preset=&#8221;default&#8221; hover_enabled=&#8221;0&#8243; global_colors_info=&#8221;{}&#8221; sticky_enabled=&#8221;0&#8243;]<\/p>\n<p><span style=\"color: #ffcc99;\"><strong>CAT<\/strong><\/span><\/p>\n<p><span style=\"color: #000000;\">&#8211; Per a la retirada del dorsal ser\u00e0 imprescindible portar el dni i en el cas dels federats la tageta federativa.<\/span><\/p>\n<p><span style=\"color: #000000;\">Per retirar el dorsal dun company caldr\u00e0 la foto del dni del titular de la inscripci\u00f3 i de la targeta federativa si \u00e9s el cas.<\/span><\/p>\n<p><span style=\"color: #ffcc99;\"><strong>CAS<\/strong><\/span><\/p>\n<p><span style=\"color: #000000;\">&#8211; Para la retirada del dorsal ser\u00e1 imprescindible llevar el dni y en el caso de los federados la tageta federativa.<\/span><\/p>\n<p><span style=\"color: #000000;\">Para retirar el dorsal de un compa\u00f1ero ser\u00e1 necesaria la foto del dni del titular de la inscripci\u00f3n y de la tarjeta federativa si es el caso.<\/span><\/p>\n<p>[\/et_pb_tab][et_pb_tab title=&#8221;Material Obligatori \/ Obligatorio&#8221; _builder_version=&#8221;4.18.0&#8243; _module_preset=&#8221;default&#8221; hover_enabled=&#8221;0&#8243; global_colors_info=&#8221;{}&#8221; sticky_enabled=&#8221;0&#8243;]<\/p>\n<p><span style=\"color: #ffcc99;\"><strong>CAT<\/strong><\/span><\/p>\n<p><span style=\"color: #000000;\">El TSE no t\u00e9 material obligatori.<\/span><\/p>\n<p><span style=\"color: #000000;\">Recordeu, els avituallaments del TSE no disposaran de gots.<\/span><\/p>\n<p><span style=\"color: #ffcc99;\"><strong>CAS<\/strong><\/span><\/p>\n<p><span style=\"color: #000000;\">El TSE no tiene material obligatori.<\/span><\/p>\n<p><span style=\"color: #000000;\">Recordar, los avituallamientos del TSE no disponen de vasos.<\/span><\/p>\n<p>[\/et_pb_tab][et_pb_tab title=&#8221;Autocaravanes \/Autocaravanas&#8221; _builder_version=&#8221;4.18.0&#8243; _module_preset=&#8221;default&#8221; hover_enabled=&#8221;0&#8243; global_colors_info=&#8221;{}&#8221; sticky_enabled=&#8221;0&#8243;]<\/p>\n<p><span style=\"color: #ffcc99;\"><strong>CAT<\/strong><\/span><\/p>\n<p><span style=\"color: #000000;\">Les autocaravanes podr\u00e0s estacionar sense problemes en als diferents aparcaments de qu\u00e8 disposa Sant Esteve de Palautordera, tots ells gratu\u00efts.<\/span><\/p>\n<p><span style=\"color: #ffcc99;\"><strong>CAS<\/strong><\/span><\/p>\n<p><span style=\"color: #000000;\">-Las autocaravanas podr\u00e1n estacionar sin problemas en los diferentes aparcamientos de que dispone Sant Esteve de Palautordera, todos ellos gratuitos.<\/span><\/p>\n<p>&nbsp;<\/p>\n<p>[\/et_pb_tab][et_pb_tab title=&#8221;Avituallaments \/ Avituallamientos&#8221; _builder_version=&#8221;4.18.0&#8243; _module_preset=&#8221;default&#8221; hover_enabled=&#8221;0&#8243; global_colors_info=&#8221;{}&#8221; sticky_enabled=&#8221;0&#8243;]<\/p>\n<p><span style=\"color: #ffcc99;\"><strong>CAT.<\/strong><\/span><\/p>\n<p><span style=\"color: #000000;\"><strong>IMPORTANT<\/strong> per intentar reduir tant com sigui possible els residus generats per la cursa, els avituallaments del TSE no disposaran de gots, cada participant haur\u00e0 de portar el seu propi sistema d&#8217;hidrataci\u00f3.<\/span><br \/><span style=\"color: #000000;\">&#8211; TSE; nombre total d&#8217;avituallaments en carrera, sis m\u00e9s l&#8217;arribada.<\/span><br \/><span style=\"color: #000000;\">&#8211; Speed Trail; nombre total d&#8217;avituallaments en cursa, dos m\u00e9s l&#8217;arribada.<\/span><\/p>\n<p><span style=\"color: #000000;\">&#8211; Marxa Popular: nombre total d&#8217;avituallaments en cursa, dos m\u00e9s l&#8217;arribada.<\/span><br \/><span style=\"color: #000000;\">&#8211; Trobareu avituallaments aproximadament, cada 5 km o 500mtrs de desnivell positiu.<\/span><br \/><span style=\"color: #000000;\">&#8211; Productes: Aigua, Aquarius, Coca-cola, fruita, fruits secs, gominoles&#8230;<\/span><\/p>\n<p><span style=\"color: #ffcc99;\"><strong>CAS.<\/strong><\/span><\/p>\n<p><span style=\"color: #000000;\"><strong>IMPORTANTE<\/strong>, para intentar reducir en lo posible los residuos generados por la carrera, los avituallamientos del TSE no dispondr\u00e1n de vasos, cada participante deber\u00e1 llevar su propio sistema de hidrataci\u00f3n.<\/span><br \/><span style=\"color: #000000;\">&#8211; TSE; n\u00famero total de avituallamientos en carrera, seis m\u00e1s la llegada.<\/span><br \/><span style=\"color: #000000;\">&#8211; Speed Trail; n\u00famero total de avituallamientos en carrera, dos m\u00e1s la llegagada.<\/span><\/p>\n<p><span style=\"color: #000000;\">&#8211; Marxa Popular; n\u00famero total de avituallamientos en carrera, dos m\u00e1s la llegagada.<\/span><br \/><span style=\"color: #000000;\">&#8211; Encontrareis avituallamientos aproximadamente, cada 5 km o 500mtrs de desnivel positivo.<\/span><br \/><span style=\"color: #000000;\">&#8211; Productos: Agua, Aquarius, Coca-cola, fruta, frutos secos, gominolas&#8230;<\/span><\/p>\n<p>[\/et_pb_tab][\/et_pb_tabs][\/et_pb_column][\/et_pb_row][\/et_pb_section]<\/p>\n","protected":false},"excerpt":{"rendered":"<p>FAQsCAT &#8211; Al TSE hi pot participar tot i tota esportista que estigui capacitat\/da de fer front al seu recorregut, federat\/da o no. CAS &#8211; En el TSE puede participar todx deportista que est\u00e9 capacitadx para hacer frente a su recorrido, federadx o no.CAT &#8211; L&#8217;assist\u00e8ncia t\u00e8cnica est\u00e0 permesa exclusivament als avituallaments i, en un [&hellip;]<\/p>\n","protected":false},"author":4,"featured_media":0,"parent":0,"menu_order":0,"comment_status":"closed","ping_status":"closed","template":"","meta":{"_et_pb_use_builder":"on","_et_pb_old_content":"","_et_gb_content_width":"","footnotes":""},"class_list":["post-1793","page","type-page","status-publish","hentry"],"_links":{"self":[{"href":"https:\/\/trailse.com\/es\/wp-json\/wp\/v2\/pages\/1793","targetHints":{"allow":["GET"]}}],"collection":[{"href":"https:\/\/trailse.com\/es\/wp-json\/wp\/v2\/pages"}],"about":[{"href":"https:\/\/trailse.com\/es\/wp-json\/wp\/v2\/types\/page"}],"author":[{"embeddable":true,"href":"https:\/\/trailse.com\/es\/wp-json\/wp\/v2\/users\/4"}],"replies":[{"embeddable":true,"href":"https:\/\/trailse.com\/es\/wp-json\/wp\/v2\/comments?post=1793"}],"version-history":[{"count":17,"href":"https:\/\/trailse.com\/es\/wp-json\/wp\/v2\/pages\/1793\/revisions"}],"predecessor-version":[{"id":2268,"href":"https:\/\/trailse.com\/es\/wp-json\/wp\/v2\/pages\/1793\/revisions\/2268"}],"wp:attachment":[{"href":"https:\/\/trailse.com\/es\/wp-json\/wp\/v2\/media?parent=1793"}],"curies":[{"name":"wp","href":"https:\/\/api.w.org\/{rel}","templated":true}]}}