{"id":1966,"date":"2022-03-04T16:16:33","date_gmt":"2022-03-04T16:16:33","guid":{"rendered":"https:\/\/trailse.com\/?page_id=1966"},"modified":"2023-05-22T11:05:14","modified_gmt":"2023-05-22T11:05:14","slug":"com-arribar","status":"publish","type":"page","link":"https:\/\/trailse.com\/es\/com-arribar\/","title":{"rendered":"Como llegar"},"content":{"rendered":"<p>[et_pb_section fb_built=&#8221;1&#8243; _builder_version=&#8221;4.16&#8243; _module_preset=&#8221;default&#8221; background_image=&#8221;https:\/\/trailse.com\/wp-content\/uploads\/2022\/02\/Trail-Sant-Esteve-Montseny-cxm-running-2a-prueba-copa-de-espana-fedme-2022.jpg&#8221; custom_margin=&#8221;||-5px|||&#8221; custom_padding=&#8221;||333px|||&#8221; global_colors_info=&#8221;{}&#8221;][\/et_pb_section][et_pb_section fb_built=&#8221;1&#8243; _builder_version=&#8221;4.16&#8243; _module_preset=&#8221;default&#8221; global_colors_info=&#8221;{}&#8221;][et_pb_row _builder_version=&#8221;4.16&#8243; _module_preset=&#8221;default&#8221; global_colors_info=&#8221;{}&#8221;][et_pb_column type=&#8221;4_4&#8243; _builder_version=&#8221;4.16&#8243; _module_preset=&#8221;default&#8221; global_colors_info=&#8221;{}&#8221;][et_pb_text _builder_version=&#8221;4.16&#8243; _module_preset=&#8221;default&#8221; global_colors_info=&#8221;{}&#8221;]<\/p>\n<p style=\"text-align: center;\"><strong><span style=\"color: #808080;\">\u00a0El TSE es celebra a Sant Esteve de Palautordera, poble situat en una de les principals entrades al Parc Natural del Montseny, Reserva de la Biosfera.<\/span><\/strong><\/p>\n<p style=\"text-align: center;\"><strong><span style=\"color: #808080;\">El municipi de Sant Esteve de Palautordera es localitza al nord-est de la comarca del Vall\u00e8s Oriental, al vessant de ponent del Montseny, sobre una terrassa fluvial de la Tordera.<\/span><\/strong><\/p>\n<p>[\/et_pb_text][\/et_pb_column][\/et_pb_row][et_pb_row _builder_version=&#8221;4.16&#8243; _module_preset=&#8221;default&#8221; global_colors_info=&#8221;{}&#8221;][et_pb_column type=&#8221;4_4&#8243; _builder_version=&#8221;4.16&#8243; _module_preset=&#8221;default&#8221; global_colors_info=&#8221;{}&#8221;][et_pb_image src=&#8221;https:\/\/trailse.com\/wp-content\/uploads\/2022\/03\/images-1.jpg&#8221; alt=&#8221;trail sant esteve fedme trailrunning&#8221; title_text=&#8221;trail sant esteve fedme trailrunning&#8221; align=&#8221;center&#8221; _builder_version=&#8221;4.16&#8243; _module_preset=&#8221;default&#8221; global_colors_info=&#8221;{}&#8221;][\/et_pb_image][et_pb_text _builder_version=&#8221;4.16&#8243; _module_preset=&#8221;default&#8221; background_enable_image=&#8221;off&#8221; parallax=&#8221;on&#8221; custom_margin=&#8221;||-6px|||&#8221; global_colors_info=&#8221;{}&#8221;]<\/p>\n<h5 style=\"text-align: center;\"><span style=\"color: #00ff00;\"><strong>Utilitza en transport p\u00fablic<\/strong><\/span><\/h5>\n<p>[\/et_pb_text][\/et_pb_column][\/et_pb_row][et_pb_row column_structure=&#8221;1_2,1_2&#8243; _builder_version=&#8221;4.16&#8243; _module_preset=&#8221;default&#8221; global_colors_info=&#8221;{}&#8221;][et_pb_column type=&#8221;1_2&#8243; _builder_version=&#8221;4.16&#8243; _module_preset=&#8221;default&#8221; global_colors_info=&#8221;{}&#8221;][et_pb_text _builder_version=&#8221;4.16&#8243; _module_preset=&#8221;default&#8221; global_colors_info=&#8221;{}&#8221;]<\/p>\n<p><span style=\"color: #808080;\">Vine al TSE en transport p\u00fablic, el planeta t&#8217;ho agrair\u00e0. Vine amb tren (l\u00ednia R2 de Rodalies Barcelona) i baixa a l&#8217;estaci\u00f3 de Santa Maria de Palautordera i, des d&#8217;aqu\u00ed amb bus fins a Sant Esteve de Palautordera (temps estimat de l&#8217;estaci\u00f3 fins a St Esteve 10 minuts).<\/span><\/p>\n<p>[\/et_pb_text][et_pb_button button_url=&#8221;https:\/\/www.renfe.com\/es\/es\/cercanias\/rodalies-catalunya\/horarios&#8221; button_text=&#8221;Horaris L2 Rodalies&#8221; button_alignment=&#8221;center&#8221; _builder_version=&#8221;4.16&#8243; _module_preset=&#8221;default&#8221; global_colors_info=&#8221;{}&#8221;][\/et_pb_button][et_pb_button button_url=&#8221;https:\/\/www.sagales.com\/uploads\/imagenes\/20180212161418_0c9381dae87f50d4c5890bd0c1915ab517c29b3e.pdf&#8221; url_new_window=&#8221;on&#8221; button_text=&#8221;Horaris autobus estaci\u00f3&#8221; button_alignment=&#8221;center&#8221; _builder_version=&#8221;4.16&#8243; _module_preset=&#8221;default&#8221; global_colors_info=&#8221;{}&#8221;][\/et_pb_button][\/et_pb_column][et_pb_column type=&#8221;1_2&#8243; _builder_version=&#8221;4.16&#8243; _module_preset=&#8221;default&#8221; global_colors_info=&#8221;{}&#8221;][et_pb_text _builder_version=&#8221;4.16&#8243; _module_preset=&#8221;default&#8221; global_colors_info=&#8221;{}&#8221;]<\/p>\n<p><span style=\"color: #808080;\">La forma m\u00e9s senzilla d\u2019accedir-hi amb vehicle privat, \u00e9s des de la sortida 11 de l\u2019autopista AP-7, agafar la carretera C-35 en direcci\u00f3 Granollers, a 1,5 Km agafar el desviament de la BV-5301 en direcci\u00f3 Santa Maria de Palautordera i Montseny.<\/span><\/p>\n<p>[\/et_pb_text][et_pb_text _builder_version=&#8221;4.16&#8243; _module_preset=&#8221;default&#8221; custom_margin=&#8221;||-3px|||&#8221; link_option_url=&#8221;https:\/\/earth.google.com\/web\/@41.7201782,2.40758077,397.04470607a,7660.44188221d,30.00000002y,0h,0t,0r\/data=MicKJQojCiExdC11RDRXVGdwU1hiN29SUklqX0c1d2QyZE9DcEVSalk&#8221; link_option_url_new_window=&#8221;on&#8221; global_colors_info=&#8221;{}&#8221;]<\/p>\n<p><span style=\"color: #808080;\">Clica el bot\u00f3 per veure el mapa de Sant Esteve, juntament amb totes les ubicacions d&#8217;inter\u00e8s del TSE22<\/span><\/p>\n<p>[\/et_pb_text][et_pb_text _builder_version=&#8221;4.16&#8243; _module_preset=&#8221;default&#8221; global_colors_info=&#8221;{}&#8221;][\/et_pb_text][\/et_pb_column][\/et_pb_row][et_pb_row _builder_version=&#8221;4.16&#8243; _module_preset=&#8221;default&#8221; custom_padding=&#8221;0px|||||&#8221; global_colors_info=&#8221;{}&#8221;][et_pb_column type=&#8221;4_4&#8243; _builder_version=&#8221;4.16&#8243; _module_preset=&#8221;default&#8221; global_colors_info=&#8221;{}&#8221;][et_pb_image src=&#8221;https:\/\/trailse.com\/wp-content\/uploads\/2022\/03\/descarga-2.jpg&#8221; alt=&#8221;trail sant esteve montseny running cxm fedme trailrunning&#8221; title_text=&#8221;trail sant esteve montseny running cxm fedme trailrunning&#8221; align=&#8221;center&#8221; _builder_version=&#8221;4.16&#8243; _module_preset=&#8221;default&#8221; global_colors_info=&#8221;{}&#8221;][\/et_pb_image][\/et_pb_column][\/et_pb_row][\/et_pb_section]<\/p>\n","protected":false},"excerpt":{"rendered":"<p>\u00a0El TSE es celebra a Sant Esteve de Palautordera, poble situat en una de les principals entrades al Parc Natural del Montseny, Reserva de la Biosfera. El municipi de Sant Esteve de Palautordera es localitza al nord-est de la comarca del Vall\u00e8s Oriental, al vessant de ponent del Montseny, sobre una terrassa fluvial de la [&hellip;]<\/p>\n","protected":false},"author":4,"featured_media":0,"parent":0,"menu_order":0,"comment_status":"closed","ping_status":"closed","template":"","meta":{"_et_pb_use_builder":"on","_et_pb_old_content":"","_et_gb_content_width":"","footnotes":""},"class_list":["post-1966","page","type-page","status-publish","hentry"],"_links":{"self":[{"href":"https:\/\/trailse.com\/es\/wp-json\/wp\/v2\/pages\/1966","targetHints":{"allow":["GET"]}}],"collection":[{"href":"https:\/\/trailse.com\/es\/wp-json\/wp\/v2\/pages"}],"about":[{"href":"https:\/\/trailse.com\/es\/wp-json\/wp\/v2\/types\/page"}],"author":[{"embeddable":true,"href":"https:\/\/trailse.com\/es\/wp-json\/wp\/v2\/users\/4"}],"replies":[{"embeddable":true,"href":"https:\/\/trailse.com\/es\/wp-json\/wp\/v2\/comments?post=1966"}],"version-history":[{"count":12,"href":"https:\/\/trailse.com\/es\/wp-json\/wp\/v2\/pages\/1966\/revisions"}],"predecessor-version":[{"id":2377,"href":"https:\/\/trailse.com\/es\/wp-json\/wp\/v2\/pages\/1966\/revisions\/2377"}],"wp:attachment":[{"href":"https:\/\/trailse.com\/es\/wp-json\/wp\/v2\/media?parent=1966"}],"curies":[{"name":"wp","href":"https:\/\/api.w.org\/{rel}","templated":true}]}}